{"id":443,"date":"2025-01-30T17:54:09","date_gmt":"2025-01-30T17:54:09","guid":{"rendered":"https:\/\/plano-circular.pt\/wp\/?post_type=product&#038;p=443"},"modified":"2025-01-31T16:16:02","modified_gmt":"2025-01-31T16:16:02","slug":"color-laserjet-enterprise-mfp-x58045dn","status":"publish","type":"product","link":"https:\/\/plano-circular.pt\/wp\/product\/color-laserjet-enterprise-mfp-x58045dn\/","title":{"rendered":"Color LaserJet Enterprise MFP X58045dn"},"content":{"rendered":"<p>A <strong>HP Color LaserJet Enterprise MFP X58045dn<\/strong> \u00e9 uma multifun\u00e7\u00f5es a laser colorida de alto desempenho, ideal para empresas que precisam de rapidez e qualidade em grandes volumes de trabalho. Ela imprime, copia, digitaliza e envia faxes a uma velocidade de at\u00e9 40 p\u00e1ginas por minuto, garantindo agilidade nas opera\u00e7\u00f5es. Com cores vibrantes e alta precis\u00e3o, a <strong>X58045dn<\/strong> oferece impress\u00e3o de alta qualidade.<\/p>\n<p>A impressora tamb\u00e9m conta com conectividade avan\u00e7ada.<\/p>\n","protected":false},"excerpt":{"rendered":"<p>Velocidade &#8211; 40 ppm<\/p>\n<p>Volume mensal recomendado &#8211; At\u00e9 15.000<\/p>\n<p>Fun\u00e7es de digitaliza\u00e7\u00e3o &#8211; B\u00e1sicas<\/p>\n","protected":false},"featured_media":444,"template":"","meta":[],"product_brand":[],"product_cat":[23,26,20],"product_tag":[],"class_list":{"0":"post-443","1":"product","2":"type-product","3":"status-publish","4":"has-post-thumbnail","6":"product_cat-produtos","7":"product_cat-hp-a4-cor","8":"product_cat-hp","10":"first","11":"instock","12":"shipping-taxable","13":"product-type-simple"},"_links":{"self":[{"href":"https:\/\/plano-circular.pt\/wp\/wp-json\/wp\/v2\/product\/443","targetHints":{"allow":["GET"]}}],"collection":[{"href":"https:\/\/plano-circular.pt\/wp\/wp-json\/wp\/v2\/product"}],"about":[{"href":"https:\/\/plano-circular.pt\/wp\/wp-json\/wp\/v2\/types\/product"}],"wp:featuredmedia":[{"embeddable":true,"href":"https:\/\/plano-circular.pt\/wp\/wp-json\/wp\/v2\/media\/444"}],"wp:attachment":[{"href":"https:\/\/plano-circular.pt\/wp\/wp-json\/wp\/v2\/media?parent=443"}],"wp:term":[{"taxonomy":"product_brand","embeddable":true,"href":"https:\/\/plano-circular.pt\/wp\/wp-json\/wp\/v2\/product_brand?post=443"},{"taxonomy":"product_cat","embeddable":true,"href":"https:\/\/plano-circular.pt\/wp\/wp-json\/wp\/v2\/product_cat?post=443"},{"taxonomy":"product_tag","embeddable":true,"href":"https:\/\/plano-circular.pt\/wp\/wp-json\/wp\/v2\/product_tag?post=443"}],"curies":[{"name":"wp","href":"https:\/\/api.w.org\/{rel}","templated":true}]}}